{"id":107,"date":"2026-04-24T08:58:02","date_gmt":"2026-04-24T06:58:02","guid":{"rendered":"https:\/\/isaia.ict-stage.ch\/?page_id=107"},"modified":"2026-05-01T08:28:26","modified_gmt":"2026-05-01T06:28:26","slug":"kultur","status":"publish","type":"page","link":"https:\/\/isaia.ict-stage.ch\/index.php\/kultur\/","title":{"rendered":"Kultur"},"content":{"rendered":"<div class=\"et_pb_section_0 et_pb_section et_section_regular et_flex_section preset--module--divi-section--default\">\n<div class=\"et_pb_row_0 et_pb_row et_flex_row\">\n<div class=\"et_pb_column_0 et_pb_column et-last-child et_flex_column et_pb_css_mix_blend_mode_passthrough et_flex_column_24_24 et_flex_column_24_24_tablet et_flex_column_24_24_phone\">\n<div class=\"et_pb_text_0 et_pb_text et_pb_bg_layout_light et_pb_module et_flex_module\"><div class=\"et_pb_text_inner\"><h1 style=\"text-align: center;\">Fakten \u00fcber Norwegen<\/h1>\n<\/div><\/div>\n<\/div>\n<\/div>\n<\/div>\n\n<div class=\"et_pb_section_1 et_pb_section et_section_regular et_flex_section preset--module--divi-section--default\">\n<div class=\"et_pb_row_1 et_pb_row et_flex_row\">\n<div class=\"et_pb_column_1 et_pb_column et_flex_column et_pb_css_mix_blend_mode_passthrough et_flex_column_8_24 et_flex_column_8_24_tablet et_flex_column_24_24_phone\">\n<div class=\"et_pb_number_counter_0 et_pb_number_counter et_pb_bg_layout_light et_pb_text_align_center et_pb_with_title et_pb_module et_flex_module preset--module--divi-number-counter--39v60pmd68\"><div class=\"percent\"><p><span class=\"percent-value\"><\/span><span class=\"percent-sign\"><\/span><\/p><\/div><h3 class=\"title\">Fjorde<\/h3>\n<div class=\"et_pb_text_1 et_pb_text et_pb_bg_layout_light et_pb_module et_flex_module\"><div class=\"et_pb_text_inner\"><p>pr\u00e4gen die K\u00fcste Norwegens, darunter der ber\u00fchmte Geirangerfjord, der zum UNESCO-Weltnaturerbe geh\u00f6rt.<\/p>\n<\/div><\/div>\n<\/div>\n<\/div>\n\n<div class=\"et_pb_column_2 et_pb_column et_flex_column et_pb_css_mix_blend_mode_passthrough et_flex_column_8_24 et_flex_column_8_24_tablet et_flex_column_24_24_phone\">\n<div class=\"et_pb_number_counter_1 et_pb_number_counter et_pb_bg_layout_light et_pb_text_align_center et_pb_with_title et_pb_module et_flex_module preset--module--divi-number-counter--39v60pmd68\"><div class=\"percent\"><p><span class=\"percent-value\"><\/span><span class=\"percent-sign\"><\/span><\/p><\/div><h3 class=\"title\">Klare N\u00e4chte<\/h3>\n<div class=\"et_pb_text_2 et_pb_text et_pb_bg_layout_light et_pb_module et_flex_module\"><div class=\"et_pb_text_inner\"><p>pro Jahr - Die Chance, die Polarlichter zu sehe, ist im Winter besonders hoch.<\/p>\n<\/div><\/div>\n<\/div>\n<\/div>\n\n<div class=\"et_pb_column_3 et_pb_column et-last-child et_flex_column et_pb_css_mix_blend_mode_passthrough et_flex_column_8_24 et_flex_column_8_24_tablet et_flex_column_24_24_phone\">\n<div class=\"et_pb_number_counter_2 et_pb_number_counter et_pb_bg_layout_light et_pb_text_align_center et_pb_with_title et_pb_module et_flex_module preset--module--divi-number-counter--39v60pmd68\"><div class=\"percent\"><p><span class=\"percent-value\"><\/span><span class=\"percent-sign\"><\/span><\/p><\/div><h3 class=\"title\">Nationalparks<\/h3>\n<div class=\"et_pb_text_3 et_pb_text et_pb_bg_layout_light et_pb_module et_flex_module\"><div class=\"et_pb_text_inner\"><p>laden dazu ein, Norwegens atemberaubende Natur zu Fuss oder mit dem Fahrrad zu erkunden.<\/p>\n<\/div><\/div>\n<\/div>\n<\/div>\n<\/div>\n\n<div class=\"et_pb_row_2 et_pb_row et_flex_row\">\n<div class=\"et_pb_column_4 et_pb_column et_flex_column et_pb_css_mix_blend_mode_passthrough et_flex_column_12_24 et_flex_column_12_24_tablet et_flex_column_24_24_phone\">\n<div class=\"et_pb_number_counter_3 et_pb_number_counter et_pb_bg_layout_light et_pb_text_align_center et_pb_with_title et_pb_module et_flex_module preset--module--divi-number-counter--39v60pmd68\"><div class=\"percent\"><p><span class=\"percent-value\"><\/span><span class=\"percent-sign\"><\/span><\/p><\/div><h3 class=\"title\">Stunden Tageslicht<\/h3>\n<div class=\"et_pb_text_4 et_pb_text et_pb_bg_layout_light et_pb_module et_flex_module\"><div class=\"et_pb_text_inner\"><p>geniessen Sie Mitternachtssonne im Sommer.<\/p>\n<\/div><\/div>\n<\/div>\n<\/div>\n\n<div class=\"et_pb_column_5 et_pb_column et-last-child et_flex_column et_pb_css_mix_blend_mode_passthrough et_flex_column_12_24 et_flex_column_12_24_tablet et_flex_column_24_24_phone\">\n<div class=\"et_pb_number_counter_4 et_pb_number_counter et_pb_bg_layout_light et_pb_text_align_center et_pb_with_title et_pb_module et_flex_module preset--module--divi-number-counter--39v60pmd68\"><div class=\"percent\"><p><span class=\"percent-value\"><\/span><span class=\"percent-sign\"><\/span><\/p><\/div><h3 class=\"title\">Kilometer K\u00fcstenlinie<\/h3>\n<div class=\"et_pb_text_5 et_pb_text et_pb_bg_layout_light et_pb_module et_flex_module\"><div class=\"et_pb_text_inner\"><p>perfekt, f\u00fcr Entdeckungen per Schiff, Kajak oder beim Angeln.<\/p>\n<\/div><\/div>\n<\/div>\n<\/div>\n<\/div>\n<\/div>\n\n<div class=\"et_pb_section_2 et_pb_section et_section_regular et_flex_section preset--module--divi-section--default\">\n<div class=\"et_pb_row_3 et_pb_row et_flex_row\">\n<div class=\"et_pb_column_6 et_pb_column et-last-child et_flex_column et_pb_css_mix_blend_mode_passthrough et_flex_column_24_24 et_flex_column_24_24_tablet et_flex_column_24_24_phone\">\n<div class=\"et_pb_image_0 et_pb_image et_pb_image_sticky et_pb_image_sticky_phone et_flex_column_24_24_phone et_pb_module et_flex_module\"><span class=\"et_pb_image_wrap\"><img loading=\"lazy\" decoding=\"async\" src=\"https:\/\/isaia.ict-stage.ch\/wp-content\/uploads\/2026\/04\/NOR_30.jpg\" title=\"NOR_30\" width=\"1778\" height=\"1181\" srcset=\"https:\/\/isaia.ict-stage.ch\/wp-content\/uploads\/2026\/04\/NOR_30.jpg 1778w\" sizes=\"(max-width: 1778px) 100vw, 1778px\" class=\"wp-image-49\" \/><\/span><\/div>\n<\/div>\n<\/div>\n\n<div class=\"et_pb_row_4 et_pb_row et_flex_row\">\n<div class=\"et_pb_column_7 et_pb_column et_flex_column et_pb_css_mix_blend_mode_passthrough et_flex_column_6_24 et_flex_column_12_24_tablet et_flex_column_24_24_phone\">\n<div class=\"et_pb_text_6 et_pb_text et_pb_bg_layout_light et_pb_module et_flex_module\"><div class=\"et_pb_text_inner\" data-et-mv-hidden-phone=\"true\"><h1><span>Das Erbe der Wikinger<\/span><\/h1>\n<p><span>Die Wikingerzeit pr\u00e4gt Norwegens Identit\u00e4t bis heute. Historische St\u00e4tten, wie das Wikinger-Museum in Oslo oder erhaltene Wikingerschiffe, erz\u00e4hlen von der Abenteuerlust und dem <\/span><span>Erfindungsreichtum dieser Seefahrer.<\/span><\/p>\n<\/div><\/div>\n<\/div>\n\n<div class=\"et_pb_column_8 et_pb_column et_flex_column et_pb_css_mix_blend_mode_passthrough et_flex_column_6_24 et_flex_column_12_24_tablet et_flex_column_24_24_phone\">\n<div class=\"et_pb_text_7 et_pb_text et_pb_bg_layout_light et_pb_module et_flex_module\"><div class=\"et_pb_text_inner\" data-et-mv-hidden-phone=\"true\"><h1><span>Samische Kultur im hohen Norden<\/span><\/h1>\n<p><span>Im Norden lebt das indigene Volk der Samen. Traditionelle Rentierzucht, farbenfrohe Trachten und der Joik-Gesang sind nur einige Facetten dieser einzigartigen Kultur.<\/span><\/p>\n<\/div><\/div>\n<\/div>\n\n<div class=\"et_pb_column_9 et_pb_column et-last-child et_flex_column et_pb_css_mix_blend_mode_passthrough et_flex_column_12_24 et_flex_column_24_24_tablet et_flex_column_24_24_phone\">\n<div class=\"et_pb_image_1 et_pb_image et_pb_image_sticky et_pb_module et_flex_module\"><span class=\"et_pb_image_wrap\"><img loading=\"lazy\" decoding=\"async\" src=\"https:\/\/isaia.ict-stage.ch\/wp-content\/uploads\/2026\/04\/NOR_30.jpg\" title=\"NOR_30\" width=\"1778\" height=\"1181\" srcset=\"https:\/\/isaia.ict-stage.ch\/wp-content\/uploads\/2026\/04\/NOR_30.jpg 1778w\" sizes=\"(max-width: 1778px) 100vw, 1778px\" class=\"wp-image-49\" \/><\/span><\/div>\n<\/div>\n<\/div>\n\n<div class=\"et_pb_row_5 et_pb_row et_flex_row\">\n<div class=\"et_pb_column_10 et_pb_column et_flex_column et_pb_css_mix_blend_mode_passthrough et_flex_column_12_24 et_flex_column_24_24_tablet et_flex_column_24_24_phone\">\n<div class=\"et_pb_image_2 et_pb_image et_pb_image_sticky et_pb_module et_flex_module\"><span class=\"et_pb_image_wrap\"><img loading=\"lazy\" decoding=\"async\" src=\"https:\/\/isaia.ict-stage.ch\/wp-content\/uploads\/2026\/04\/NOR_50.jpg\" title=\"NOR_50\" width=\"1500\" height=\"1000\" srcset=\"https:\/\/isaia.ict-stage.ch\/wp-content\/uploads\/2026\/04\/NOR_50.jpg 1500w\" sizes=\"(max-width: 1500px) 100vw, 1500px\" class=\"wp-image-69\" \/><\/span><\/div>\n<\/div>\n\n<div class=\"et_pb_column_11 et_pb_column et_flex_column et_pb_css_mix_blend_mode_passthrough et_flex_column_6_24 et_flex_column_12_24_tablet et_flex_column_24_24_phone\">\n<div class=\"et_pb_text_8 et_pb_text et_pb_bg_layout_light et_pb_module et_flex_module\"><div class=\"et_pb_text_inner\" data-et-mv-hidden-phone=\"true\"><h1><span>Feste und Br\u00e4uche<\/span><\/h1>\n<p><span>Feste wie der 17. Mai, Norwegens Nationalfeiertag, und Weihnachten sind stark verwurzelt. Die traditionellen Trachten (\"Bunad\") und die lebhaften Paraden verleihen diesen Feiern ihren besonderen Charakter.<\/span><\/p>\n<\/div><\/div>\n<\/div>\n\n<div class=\"et_pb_column_12 et_pb_column et-last-child et_flex_column et_pb_css_mix_blend_mode_passthrough et_flex_column_6_24 et_flex_column_12_24_tablet et_flex_column_24_24_phone\">\n<div class=\"et_pb_text_9 et_pb_text et_pb_bg_layout_light et_pb_module et_flex_module\"><div class=\"et_pb_text_inner\" data-et-mv-hidden-phone=\"true\"><h1><span>Volksmusik und Tanz<\/span><\/h1>\n<p><span>Norwegens Volksmusik und traditionelle T\u00e4nze wie der \"Halling\" spiegeln die Lebensfreude des Landes wider. Besonders in den l\u00e4ndlichen Regionen sind diese Br\u00e4uche lebendig und werden bei Festivals gefeiert.<\/span><\/p>\n<\/div><\/div>\n<\/div>\n<\/div>\n\n<div class=\"et_pb_row_6 et_pb_row et_flex_row\">\n<div class=\"et_pb_column_13 et_pb_column et-last-child et_flex_column et_pb_css_mix_blend_mode_passthrough et_flex_column_24_24 et_flex_column_24_24_tablet et_flex_column_24_24_phone\">\n<div class=\"et_pb_image_3 et_pb_image et_pb_image_sticky et_pb_module et_flex_module\"><span class=\"et_pb_image_wrap\"><img loading=\"lazy\" decoding=\"async\" src=\"https:\/\/isaia.ict-stage.ch\/wp-content\/uploads\/2026\/04\/NOR_28.jpg\" title=\"NOR_28\" width=\"1778\" height=\"1181\" srcset=\"https:\/\/isaia.ict-stage.ch\/wp-content\/uploads\/2026\/04\/NOR_28.jpg 1778w\" sizes=\"(max-width: 1778px) 100vw, 1778px\" class=\"wp-image-47\" \/><\/span><\/div>\n<\/div>\n<\/div>\n\n<div class=\"et_pb_row_7 et_pb_row et_flex_row\">\n<div class=\"et_pb_column_14 et_pb_column et_flex_column et_pb_css_mix_blend_mode_passthrough et_flex_column_6_24 et_flex_column_12_24_tablet et_flex_column_24_24_phone\">\n<div class=\"et_pb_text_10 et_pb_text et_pb_bg_layout_light et_pb_module et_flex_module\"><div class=\"et_pb_text_inner\" data-et-mv-hidden-phone=\"true\"><h1><span>Moderne Kunst und Architektur<\/span><\/h1>\n<p><span>Norwegen ist Vorreiter in moderner Kunst und Architektur. Geb\u00e4ude wie das Opernhaus in Oslo oder das Astrup Fearnley Museum verbinden Tradition mit futuristischem Design und machen die St\u00e4dte zu Kunstwerken.<\/span><\/p>\n<\/div><\/div>\n<\/div>\n\n<div class=\"et_pb_column_15 et_pb_column et_flex_column et_pb_css_mix_blend_mode_passthrough et_flex_column_6_24 et_flex_column_12_24_tablet et_flex_column_24_24_phone\">\n<div class=\"et_pb_text_11 et_pb_text et_pb_bg_layout_light et_pb_module et_flex_module\"><div class=\"et_pb_text_inner\" data-et-mv-hidden-phone=\"true\"><h1><span>Verbundenheit mit der Natur<\/span><span><\/span><span><\/span><span><\/span><span><\/span><\/h1>\n<p><span>Norwegens Kultur ist eng mit der Natur verkn\u00fcpft. Traditionelle Bauweisen, wie die kunstvollen Stabkirchen, zeigen den tiefen Respekt der Norweger vor der Natur, der auch in ihrer Kunst und im Alltag zu sp\u00fcren ist.<\/span><\/p>\n<\/div><\/div>\n<\/div>\n\n<div class=\"et_pb_column_16 et_pb_column et-last-child et_flex_column et_pb_css_mix_blend_mode_passthrough et_flex_column_12_24 et_flex_column_24_24_tablet et_flex_column_24_24_phone\">\n<div class=\"et_pb_image_4 et_pb_image et_pb_image_sticky et_pb_module et_flex_module\"><span class=\"et_pb_image_wrap\"><img loading=\"lazy\" decoding=\"async\" src=\"https:\/\/isaia.ict-stage.ch\/wp-content\/uploads\/2026\/04\/NOR_28.jpg\" title=\"NOR_28\" width=\"1778\" height=\"1181\" srcset=\"https:\/\/isaia.ict-stage.ch\/wp-content\/uploads\/2026\/04\/NOR_28.jpg 1778w\" sizes=\"(max-width: 1778px) 100vw, 1778px\" class=\"wp-image-47\" \/><\/span><\/div>\n<\/div>\n<\/div>\n<\/div>","protected":false},"excerpt":{"rendered":"","protected":false},"author":1,"featured_media":0,"parent":0,"menu_order":0,"comment_status":"closed","ping_status":"closed","template":"","meta":{"footnotes":""},"class_list":["post-107","page","type-page","status-publish","hentry"],"_links":{"self":[{"href":"https:\/\/isaia.ict-stage.ch\/index.php\/wp-json\/wp\/v2\/pages\/107","targetHints":{"allow":["GET"]}}],"collection":[{"href":"https:\/\/isaia.ict-stage.ch\/index.php\/wp-json\/wp\/v2\/pages"}],"about":[{"href":"https:\/\/isaia.ict-stage.ch\/index.php\/wp-json\/wp\/v2\/types\/page"}],"author":[{"embeddable":true,"href":"https:\/\/isaia.ict-stage.ch\/index.php\/wp-json\/wp\/v2\/users\/1"}],"replies":[{"embeddable":true,"href":"https:\/\/isaia.ict-stage.ch\/index.php\/wp-json\/wp\/v2\/comments?post=107"}],"version-history":[{"count":40,"href":"https:\/\/isaia.ict-stage.ch\/index.php\/wp-json\/wp\/v2\/pages\/107\/revisions"}],"predecessor-version":[{"id":450,"href":"https:\/\/isaia.ict-stage.ch\/index.php\/wp-json\/wp\/v2\/pages\/107\/revisions\/450"}],"wp:attachment":[{"href":"https:\/\/isaia.ict-stage.ch\/index.php\/wp-json\/wp\/v2\/media?parent=107"}],"curies":[{"name":"wp","href":"https:\/\/api.w.org\/{rel}","templated":true}]}}