{"id":109,"date":"2026-04-24T08:58:18","date_gmt":"2026-04-24T06:58:18","guid":{"rendered":"https:\/\/isaia.ict-stage.ch\/?page_id=109"},"modified":"2026-05-01T08:29:01","modified_gmt":"2026-05-01T06:29:01","slug":"kulinarik","status":"publish","type":"page","link":"https:\/\/isaia.ict-stage.ch\/index.php\/kulinarik\/","title":{"rendered":"Kulinarik"},"content":{"rendered":"<div class=\"et_pb_section_0 et_pb_section et_section_regular et_flex_section preset--module--divi-section--me1wnftk7u\">\n<div class=\"et_pb_row_0 et_pb_row et_flex_row\">\n<div class=\"et_pb_column_0 et_pb_column et-last-child et_flex_column et_pb_css_mix_blend_mode_passthrough et_flex_column_24_24 et_flex_column_24_24_tablet et_flex_column_24_24_phone\">\n<div class=\"et_pb_text_0 et_pb_text et_pb_bg_layout_light et_pb_module et_flex_module\"><div class=\"et_pb_text_inner\" data-et-mv-hidden-phone=\"true\"><h1>Kulinarik<\/h1>\n<h1>Nordische K\u00fcche<\/h1>\n<\/div><\/div>\n\n<div class=\"et_pb_gallery_0 et_pb_gallery et_pb_bg_layout_light et_pb_text_align_center et_pb_slider et_pb_gallery_fullwidth clearfix et_pb_module et_flex_column_24_24_phone\" data-auto-rotate=\"off\" data-auto-rotate-speed=\"\"><div class=\"et_pb_gallery_items et_post_gallery clearfix\" data-per_page=\"3\"><div class=\"et_pb_gallery_item et_pb_gallery_item_0_0\"><div class=\"et_pb_gallery_image landscape\" data-per_page=\"3\"><a href=\"https:\/\/isaia.ict-stage.ch\/wp-content\/uploads\/2026\/04\/NOR_64______-1.jpg\" title=\"NOR_64______\"><img loading=\"lazy\" decoding=\"async\" width=\"1500\" height=\"1000\" src=\"https:\/\/isaia.ict-stage.ch\/wp-content\/uploads\/2026\/04\/NOR_64______-1.jpg\" alt=\"\" class=\"wp-image-327\" \/><span class=\"et_overlay\" data-icon=\"\" data-icon-tablet=\"\" data-icon-phone=\"\"><\/span><\/a><\/div><\/div><div class=\"et_pb_gallery_item et_pb_gallery_item_0_1\"><div class=\"et_pb_gallery_image landscape\" data-per_page=\"3\"><a href=\"https:\/\/isaia.ict-stage.ch\/wp-content\/uploads\/2026\/04\/NOR_32_______.jpg\" title=\"NOR_32_______\"><img loading=\"lazy\" decoding=\"async\" width=\"1502\" height=\"1002\" src=\"https:\/\/isaia.ict-stage.ch\/wp-content\/uploads\/2026\/04\/NOR_32_______.jpg\" alt=\"\" class=\"wp-image-323\" \/><span class=\"et_overlay\" data-icon=\"\" data-icon-tablet=\"\" data-icon-phone=\"\"><\/span><\/a><\/div><\/div><div class=\"et_pb_gallery_item et_pb_gallery_item_0_2\"><div class=\"et_pb_gallery_image landscape\" data-per_page=\"3\"><a href=\"https:\/\/isaia.ict-stage.ch\/wp-content\/uploads\/2026\/04\/NOR_23______.jpg\" title=\"NOR_23______\"><img loading=\"lazy\" decoding=\"async\" width=\"1502\" height=\"1001\" src=\"https:\/\/isaia.ict-stage.ch\/wp-content\/uploads\/2026\/04\/NOR_23______.jpg\" alt=\"\" class=\"wp-image-322\" \/><span class=\"et_overlay\" data-icon=\"\" data-icon-tablet=\"\" data-icon-phone=\"\"><\/span><\/a><\/div><\/div><\/div><\/div>\n<\/div>\n<\/div>\n<\/div>\n\n<div class=\"et_pb_section_1 et_pb_section et_section_regular et_flex_section preset--module--divi-section--default\">\n<div class=\"et_pb_row_1 et_pb_row et_flex_row\">\n<div class=\"et_pb_column_1 et_pb_column et-last-child et_flex_column et_pb_css_mix_blend_mode_passthrough et_flex_column_24_24 et_flex_column_24_24_tablet et_flex_column_24_24_phone\">\n<div class=\"et_pb_text_1 et_pb_text et_pb_bg_layout_light et_pb_module et_flex_module\"><div class=\"et_pb_text_inner\"><h1 style=\"text-align: center;\">Tradition trifft Innovation<\/h1>\n<p style=\"text-align: center;\">Die norwegische K\u00fcche ist bodenst\u00e4ndig und doch raffiniert. Regionale Spezialit\u00e4ten wie \"Lutefisk\" treffen auf moderne Kreationen, die Norwegen international Anerkennung gebracht haben.<\/p>\n<\/div><\/div>\n<\/div>\n<\/div>\n\n<div class=\"et_pb_row_2 et_pb_row et_flex_row\">\n<div class=\"et_pb_column_2 et_pb_column et-last-child et_flex_column et_pb_css_mix_blend_mode_passthrough et_flex_column_24_24 et_flex_column_24_24_tablet et_flex_column_24_24_phone\">\n<div class=\"et_pb_text_2 et_pb_text et_pb_bg_layout_light et_pb_module et_flex_module\"><div class=\"et_pb_text_inner\"><h1 style=\"text-align: center;\">Ein Fest f\u00fcr die Sinne<\/h1>\n<p style=\"text-align: center;\">Frisch, einfach und unvergesslich lecker: Die norwegische K\u00fcche besticht durch ihre Einfachheit und die Qualit\u00e4t der regionalen Zutaten. Geniessen Sie fangfrischen Fisch, k\u00f6stliche Meeresfr\u00fcchte und traditionelle Gerichte wie \"R\u00f8mmegr\u00f8t\" oder \"Klippfisk\". Lernen Sie die Geheimnisse der nordischen K\u00fcche kennen, besuchen Sie gem\u00fctliche Fischrestaurants an der K\u00fcste oder probieren Sie Streetfood in den lebendigen St\u00e4dten. F\u00fcr jeden Geschmack ist etwas dabei \u2013 lassen Sie sich \u00fcberraschen!<\/p>\n<p style=\"text-align: center;\">\n<\/div><\/div>\n<\/div>\n<\/div>\n<\/div>","protected":false},"excerpt":{"rendered":"","protected":false},"author":1,"featured_media":0,"parent":0,"menu_order":0,"comment_status":"closed","ping_status":"closed","template":"","meta":{"footnotes":""},"class_list":["post-109","page","type-page","status-publish","hentry"],"_links":{"self":[{"href":"https:\/\/isaia.ict-stage.ch\/index.php\/wp-json\/wp\/v2\/pages\/109","targetHints":{"allow":["GET"]}}],"collection":[{"href":"https:\/\/isaia.ict-stage.ch\/index.php\/wp-json\/wp\/v2\/pages"}],"about":[{"href":"https:\/\/isaia.ict-stage.ch\/index.php\/wp-json\/wp\/v2\/types\/page"}],"author":[{"embeddable":true,"href":"https:\/\/isaia.ict-stage.ch\/index.php\/wp-json\/wp\/v2\/users\/1"}],"replies":[{"embeddable":true,"href":"https:\/\/isaia.ict-stage.ch\/index.php\/wp-json\/wp\/v2\/comments?post=109"}],"version-history":[{"count":28,"href":"https:\/\/isaia.ict-stage.ch\/index.php\/wp-json\/wp\/v2\/pages\/109\/revisions"}],"predecessor-version":[{"id":451,"href":"https:\/\/isaia.ict-stage.ch\/index.php\/wp-json\/wp\/v2\/pages\/109\/revisions\/451"}],"wp:attachment":[{"href":"https:\/\/isaia.ict-stage.ch\/index.php\/wp-json\/wp\/v2\/media?parent=109"}],"curies":[{"name":"wp","href":"https:\/\/api.w.org\/{rel}","templated":true}]}}