{"id":113,"date":"2026-04-24T08:57:47","date_gmt":"2026-04-24T06:57:47","guid":{"rendered":"https:\/\/isaia.ict-stage.ch\/?page_id=113"},"modified":"2026-05-01T09:00:36","modified_gmt":"2026-05-01T07:00:36","slug":"ueber-uns","status":"publish","type":"page","link":"https:\/\/isaia.ict-stage.ch\/index.php\/ueber-uns\/","title":{"rendered":"\u00dcber uns"},"content":{"rendered":"<div class=\"et_pb_section_0 et_pb_section et_section_regular et_flex_section preset--module--divi-section--default\">\n<div class=\"et_pb_row_0 et_pb_row et_flex_row\">\n<div class=\"et_pb_column_0 et_pb_column et-last-child et_flex_column et_pb_css_mix_blend_mode_passthrough et_flex_column_24_24 et_flex_column_24_24_tablet et_flex_column_24_24_phone\">\n<div class=\"et_pb_text_0 et_pb_text et_pb_bg_layout_light et_pb_module et_flex_module\"><div class=\"et_pb_text_inner\"><h1 style=\"text-align: center;\">ArcticEdge Tours \u2013 Ihr Experte f\u00fcr Reisen in den Norden<\/h1>\n<p style=\"text-align: center;\">ArcticEdge Tours wurde mit der Leidenschaft gegr\u00fcndet, Reisenden die unber\u00fchrte Sch\u00f6nheit und die faszinierende Kultur des Nordens n\u00e4herzubringen. Wir sind spezialisiert auf massgeschneiderte Reisen nach Norwegen, die Ihnen unvergessliche Erlebnisse bieten \u2013 von den atemberaubenden Fjorden bis hin zu den magischen Polarlichtern. Unser Ziel ist es, Ihnen die perfekte Mischung aus Abenteuer, Erholung und kulturellen Entdeckungen zu bieten.<\/p>\n<p>&nbsp;<\/p>\n<\/div><\/div>\n<\/div>\n<\/div>\n<\/div>\n\n<div class=\"et_pb_section_1 et_pb_section et_section_regular et_flex_section preset--module--divi-section--default\">\n<div class=\"et_pb_row_1 et_pb_row et_flex_row\">\n<div class=\"et_pb_column_1 et_pb_column et-last-child et_flex_column et_pb_css_mix_blend_mode_passthrough et_flex_column_24_24 et_flex_column_24_24_tablet et_flex_column_24_24_phone\">\n<div class=\"et_pb_text_1 et_pb_text et_pb_bg_layout_light et_pb_module et_flex_module\"><div class=\"et_pb_text_inner\"><h1 style=\"text-align: center;\"><span>Warum ArcticEdge Tours?<\/span><\/h1>\n<\/div><\/div>\n\n<div class=\"et_pb_toggle_0 et_pb_toggle et_pb_toggle_item et_pb_toggle_close et_pb_module et_flex_module\"><h5 class=\"et_pb_toggle_title\">Individuell abgestimmte Reisen<\/h5><div class=\"et_pb_toggle_content clearfix et_flex_module\"><p style=\"text-align: left;\"><span>Jede Reise wird auf Ihre W\u00fcnsche und Vorlieben zugeschnitten.<\/span><\/p>\n<\/div><\/div>\n\n<div class=\"et_pb_toggle_1 et_pb_toggle et_pb_toggle_item et_pb_toggle_close et_pb_module et_flex_module\"><h5 class=\"et_pb_toggle_title\">Expertise im Norden<\/h5><div class=\"et_pb_toggle_content clearfix et_flex_module\"><p style=\"text-align: left;\"><span>Wir kennen die Region und arbeiten mit lokalen Partnern zusammen, um authentische Erlebnisse zu garantieren.<\/span><\/p>\n<\/div><\/div>\n\n<div class=\"et_pb_toggle_2 et_pb_toggle et_pb_toggle_item et_pb_toggle_close et_pb_module et_flex_module\"><h5 class=\"et_pb_toggle_title\">Pers\u00f6nliche Betreuung<\/h5><div class=\"et_pb_toggle_content clearfix et_flex_module\"><p style=\"text-align: left;\"><span>Sie erhalten von der Planung bis zur Durchf\u00fchrung Ihrer Reise eine direkte und unkomplizierte Betreuung.<\/span><\/p>\n<\/div><\/div>\n<\/div>\n<\/div>\n<\/div>\n\n<div class=\"et_pb_section_2 et_pb_section et_section_regular et_flex_section preset--module--divi-section--default\">\n<div class=\"et_pb_row_2 et_pb_row et_flex_row\">\n<div class=\"et_pb_column_2 et_pb_column et_flex_column et_pb_css_mix_blend_mode_passthrough et_flex_column_8_24 et_flex_column_8_24_tablet et_flex_column_24_24_phone\">\n<div class=\"et_pb_image_0 et_pb_image et_pb_module et_flex_module gross\"><span class=\"et_pb_image_wrap\"><img loading=\"lazy\" decoding=\"async\" src=\"https:\/\/isaia.ict-stage.ch\/wp-content\/uploads\/2026\/04\/Wagner-Isaia_1.jpg\" title=\"Wagner Isaia_1\" width=\"2848\" height=\"2848\" srcset=\"https:\/\/isaia.ict-stage.ch\/wp-content\/uploads\/2026\/04\/Wagner-Isaia_1.jpg 2848w\" sizes=\"(max-width: 2848px) 100vw, 2848px\" class=\"wp-image-356\" \/><\/span><\/div>\n<\/div>\n\n<div class=\"et_pb_column_3 et_pb_column et-last-child et_flex_column et_pb_css_mix_blend_mode_passthrough et_flex_column_16_24 et_flex_column_16_24_tablet et_flex_column_24_24_phone\">\n<div class=\"et_pb_text_2 et_pb_text et_pb_bg_layout_light et_pb_module et_flex_module\"><div class=\"et_pb_text_inner\" data-et-mv-hidden-phone=\"true\"><h1 style=\"text-align: left;\">Isaia Wagner - Gr\u00fcnder &amp; Reiseexperte<\/h1>\n<p>Mit einer tiefen Liebe zum Norden und jahrelanger Erfahrung in der Reisebranche gr\u00fcndete ich ArcticEdge Tours, um Reisenden das Beste von Norwegen zu zeigen. Ich lebe und arbeitete in Oslo, spreche fliessend Norwegisch und habe die entlegensten Orte des Landes selbst erkundet. Meine Leidenschaft ist es, einzigartige Reiseerlebnisse zu kreieren, die weit \u00fcber das Gew\u00f6hnliche hinausgehen.<\/p>\n<\/div><\/div>\n<\/div>\n<\/div>\n\n<div class=\"et_pb_row_3 et_pb_row et_flex_row\">\n<div class=\"et_pb_column_4 et_pb_column et_flex_column et_pb_css_mix_blend_mode_passthrough et_flex_column_3_5 et_flex_column_3_5_tablet et_flex_column_24_24_phone\">\n<div class=\"et_pb_image_1 et_pb_image et_pb_module et_flex_module\"><span class=\"et_pb_image_wrap\"><img loading=\"lazy\" decoding=\"async\" src=\"https:\/\/isaia.ict-stage.ch\/wp-content\/uploads\/2026\/04\/NOR_39______.jpg\" title=\"NOR_39______\" width=\"786\" height=\"786\" srcset=\"https:\/\/isaia.ict-stage.ch\/wp-content\/uploads\/2026\/04\/NOR_39______.jpg 786w\" sizes=\"(max-width: 786px) 100vw, 786px\" class=\"wp-image-355\" \/><\/span><\/div>\n\n<div class=\"et_pb_text_3 et_pb_text et_pb_bg_layout_light et_pb_module et_flex_module\"><div class=\"et_pb_text_inner\" data-et-mv-hidden-phone=\"true\"><h1>Robert Fl\u00fcgel - Reisebegleiter<\/h1>\n<p>Robert Fl\u00fcgel kennt Norwegen aus der Luft und entdeckt selbst versteckte Orte. Mit seinem feinen Gesp\u00fcr begleitet er unvergessliche Reisen \u2013 von ruhigen Fjorden bis zu spektakul\u00e4ren Abenteuern. Dabei bringt er stets Leichtigkeit und Begeisterung in jede Reise.<\/p>\n<\/div><\/div>\n<\/div>\n\n<div class=\"et_pb_column_5 et_pb_column et-last-child et_flex_column et_pb_css_mix_blend_mode_passthrough et_flex_column_2_5 et_flex_column_2_5_tablet et_flex_column_24_24_phone\">\n<div class=\"et_pb_image_2 et_pb_image et_pb_module et_flex_module gross\"><span class=\"et_pb_image_wrap\"><img loading=\"lazy\" decoding=\"async\" src=\"https:\/\/isaia.ict-stage.ch\/wp-content\/uploads\/2026\/04\/NOR_39______.jpg\" title=\"NOR_39______\" width=\"786\" height=\"786\" srcset=\"https:\/\/isaia.ict-stage.ch\/wp-content\/uploads\/2026\/04\/NOR_39______.jpg 786w\" sizes=\"(max-width: 786px) 100vw, 786px\" class=\"wp-image-355\" \/><\/span><\/div>\n<\/div>\n<\/div>\n<\/div>","protected":false},"excerpt":{"rendered":"","protected":false},"author":1,"featured_media":0,"parent":0,"menu_order":0,"comment_status":"closed","ping_status":"closed","template":"","meta":{"footnotes":""},"class_list":["post-113","page","type-page","status-publish","hentry"],"_links":{"self":[{"href":"https:\/\/isaia.ict-stage.ch\/index.php\/wp-json\/wp\/v2\/pages\/113","targetHints":{"allow":["GET"]}}],"collection":[{"href":"https:\/\/isaia.ict-stage.ch\/index.php\/wp-json\/wp\/v2\/pages"}],"about":[{"href":"https:\/\/isaia.ict-stage.ch\/index.php\/wp-json\/wp\/v2\/types\/page"}],"author":[{"embeddable":true,"href":"https:\/\/isaia.ict-stage.ch\/index.php\/wp-json\/wp\/v2\/users\/1"}],"replies":[{"embeddable":true,"href":"https:\/\/isaia.ict-stage.ch\/index.php\/wp-json\/wp\/v2\/comments?post=113"}],"version-history":[{"count":27,"href":"https:\/\/isaia.ict-stage.ch\/index.php\/wp-json\/wp\/v2\/pages\/113\/revisions"}],"predecessor-version":[{"id":461,"href":"https:\/\/isaia.ict-stage.ch\/index.php\/wp-json\/wp\/v2\/pages\/113\/revisions\/461"}],"wp:attachment":[{"href":"https:\/\/isaia.ict-stage.ch\/index.php\/wp-json\/wp\/v2\/media?parent=113"}],"curies":[{"name":"wp","href":"https:\/\/api.w.org\/{rel}","templated":true}]}}